{"id":272,"date":"2024-02-23T09:12:50","date_gmt":"2024-02-23T09:12:50","guid":{"rendered":"https:\/\/www.xn--kisnavn-p1a.fo\/?page_id=272"},"modified":"2024-07-05T08:43:04","modified_gmt":"2024-07-05T08:43:04","slug":"about-us","status":"publish","type":"page","link":"https:\/\/www.xn--kisnavn-p1a.fo\/en\/about-us\/","title":{"rendered":"About us"},"content":{"rendered":"\n<p>ICANN (Internet Corporation for Assigned Names and Numbers) has assigned the ccTLD .fo to the Faroe Islands. The government has appointed a council to be the ccTLD (Country Code Top Level Domain) Administrator. The .fo council is responsible for managing and using the ccTLD .fo.<\/p>\n\n\n\n<div style=\"height:160px\" aria-hidden=\"true\" class=\"wp-block-spacer\"><\/div>\n\n\n\n<h2 class=\"wp-block-heading\">Members of the council<\/h2>\n\n\n\n<p>Mimi Steint\u00f3rsd\u00f3ttir, chair &#8211; Lawyer, S\u00d3KN<br>P\u00e1ll H\u00f8jgaard Vesturb\u00fa, vice-chair &#8211; CEO, NET<br>Dorit Reinert &#8211; DPO, Gjaldstovan<br>Niels Uni Dam &#8211; CEO, Nudlavirki\u00f0<\/p>\n\n\n\n<div style=\"height:25px\" aria-hidden=\"true\" class=\"wp-block-spacer\"><\/div>\n\n\n\n<div id=\"shortcuts_block_df07860701fa4094a30a88ae7d849932\" class=\"lunnar-shortcuts\">\n    \n            <div class=\"shortcuts-grid per-row-1 small-shortcuts\">\n                                            <a href=\"https:\/\/www.xn--kisnavn-p1a.fo\/wp-content\/uploads\/2024\/07\/vidtokurFO.pdf\" class=\"shortcut-item\" target=\"_blank\">\n                    <div class=\"shortcut-header\">\n                        <p>Regulations for the self-governing institution FO Council (Faroese)<\/p>\n\n                        <div class=\"shortcut-icon\">\n                            <img decoding=\"async\" src=\"https:\/\/www.xn--kisnavn-p1a.fo\/wp-content\/themes\/lunnar-okisnavn\/images\/icon-arrow.svg\" class=\"injectable\" \/>                        <\/div>\n                    <\/div>\n\n                    <div class=\"shortcut-text\">\n                                            <\/div>\n                <\/a>\n                    <\/div>\n    <\/div>\n\n\n<div style=\"height:160px\" aria-hidden=\"true\" class=\"wp-block-spacer\"><\/div>\n\n\n\n<h2 class=\"wp-block-heading\">Employees<\/h2>\n\n\n\n<div id=\"employees_block_1a289bdcb4786e1d7dfebe237c4635ad\" class=\"lunnar-employees\">\n\n    \n            <div class=\"employees-grid per-row-2\">\n                            \n                <div class=\"employee-card\">\n                    <div class=\"employee-card--image\">\n                                            <\/div>\n\n                    <div class=\"employee-card--content\">\n                        <div class=\"employee-card--text\">\n                            <h4>Mattias Weihe Joensen<\/h4>\n\n                                                            <p>Employee<\/p>\n                                                    <\/div>\n\n                        <div class=\"employee-card--contacts\">\n                                                            <a href=\"mailto: mattiasj@okisnavn.fo\">mattiasj@okisnavn.fo<\/a>\n                            \n                                                            \/\n                            \n                                                            <a href=\"tel: +298 898900\">\n                                    +298 898900                                <\/a>\n                                                    <\/div>\n                    <\/div>\n                <\/div>\n                            \n                <div class=\"employee-card\">\n                    <div class=\"employee-card--image\">\n                                                    <img decoding=\"async\" src=\"https:\/\/www.xn--kisnavn-p1a.fo\/wp-content\/uploads\/2024\/06\/Gudrun_1080x1080-800x800.png\" style=\"object-position: 50% 50%;\">\n                                            <\/div>\n\n                    <div class=\"employee-card--content\">\n                        <div class=\"employee-card--text\">\n                            <h4>Gu\u00f0run Poulsen<\/h4>\n\n                                                            <p>Director<\/p>\n                                                    <\/div>\n\n                        <div class=\"employee-card--contacts\">\n                                                            <a href=\"mailto: gudrun@okisnavn.fo\">gudrun@okisnavn.fo<\/a>\n                            \n                                                            \/\n                            \n                                                            <a href=\"tel: +298 898900\">\n                                    +298 898900                                <\/a>\n                                                    <\/div>\n                    <\/div>\n                <\/div>\n                    <\/div>\n    <\/div>\n\n\n<div style=\"height:160px\" aria-hidden=\"true\" class=\"wp-block-spacer\"><\/div>\n\n\n\n<h2 class=\"wp-block-heading\">Company Annual Reports<\/h2>\n\n\n\n<div style=\"height:24px\" aria-hidden=\"true\" class=\"wp-block-spacer\"><\/div>\n\n\n\n<div id=\"shortcuts_block_66c2b1ba5e6d56c24f4baf440dd03b9b\" class=\"lunnar-shortcuts alignwide\">\n    \n            <div class=\"shortcuts-grid per-row-3 small-shortcuts\">\n                                            <a href=\"#\" class=\"shortcut-item\" target=\"_self\">\n                    <div class=\"shortcut-header\">\n                        <p>\u00c1rsfr\u00e1grei\u00f0ing 2013<\/p>\n\n                        <div class=\"shortcut-icon\">\n                            <img decoding=\"async\" src=\"https:\/\/www.xn--kisnavn-p1a.fo\/wp-content\/themes\/lunnar-okisnavn\/images\/icon-arrow.svg\" class=\"injectable\" \/>                        <\/div>\n                    <\/div>\n\n                    <div class=\"shortcut-text\">\n                                            <\/div>\n                <\/a>\n                                            <a href=\"#\" class=\"shortcut-item\" target=\"_self\">\n                    <div class=\"shortcut-header\">\n                        <p>\u00c1rsfr\u00e1grei\u00f0ing 2014<\/p>\n\n                        <div class=\"shortcut-icon\">\n                            <img decoding=\"async\" src=\"https:\/\/www.xn--kisnavn-p1a.fo\/wp-content\/themes\/lunnar-okisnavn\/images\/icon-arrow.svg\" class=\"injectable\" \/>                        <\/div>\n                    <\/div>\n\n                    <div class=\"shortcut-text\">\n                                            <\/div>\n                <\/a>\n                                            <a href=\"#\" class=\"shortcut-item\" target=\"_self\">\n                    <div class=\"shortcut-header\">\n                        <p>\u00c1rsfr\u00e1grei\u00f0ing 2015<\/p>\n\n                        <div class=\"shortcut-icon\">\n                            <img decoding=\"async\" src=\"https:\/\/www.xn--kisnavn-p1a.fo\/wp-content\/themes\/lunnar-okisnavn\/images\/icon-arrow.svg\" class=\"injectable\" \/>                        <\/div>\n                    <\/div>\n\n                    <div class=\"shortcut-text\">\n                                            <\/div>\n                <\/a>\n                                            <a href=\"#\" class=\"shortcut-item\" target=\"_self\">\n                    <div class=\"shortcut-header\">\n                        <p>\u00c1rsfr\u00e1grei\u00f0ing 2016<\/p>\n\n                        <div class=\"shortcut-icon\">\n                            <img decoding=\"async\" src=\"https:\/\/www.xn--kisnavn-p1a.fo\/wp-content\/themes\/lunnar-okisnavn\/images\/icon-arrow.svg\" class=\"injectable\" \/>                        <\/div>\n                    <\/div>\n\n                    <div class=\"shortcut-text\">\n                                            <\/div>\n                <\/a>\n                                            <a href=\"#\" class=\"shortcut-item\" target=\"_self\">\n                    <div class=\"shortcut-header\">\n                        <p>\u00c1rsfr\u00e1grei\u00f0ing 2017<\/p>\n\n                        <div class=\"shortcut-icon\">\n                            <img decoding=\"async\" src=\"https:\/\/www.xn--kisnavn-p1a.fo\/wp-content\/themes\/lunnar-okisnavn\/images\/icon-arrow.svg\" class=\"injectable\" \/>                        <\/div>\n                    <\/div>\n\n                    <div class=\"shortcut-text\">\n                                            <\/div>\n                <\/a>\n                                            <a href=\"#\" class=\"shortcut-item\" target=\"_self\">\n                    <div class=\"shortcut-header\">\n                        <p>\u00c1rsfr\u00e1grei\u00f0ing 2018<\/p>\n\n                        <div class=\"shortcut-icon\">\n                            <img decoding=\"async\" src=\"https:\/\/www.xn--kisnavn-p1a.fo\/wp-content\/themes\/lunnar-okisnavn\/images\/icon-arrow.svg\" class=\"injectable\" \/>                        <\/div>\n                    <\/div>\n\n                    <div class=\"shortcut-text\">\n                                            <\/div>\n                <\/a>\n                                            <a href=\"#\" class=\"shortcut-item\" target=\"_self\">\n                    <div class=\"shortcut-header\">\n                        <p>\u00c1rsfr\u00e1grei\u00f0ing 2019<\/p>\n\n                        <div class=\"shortcut-icon\">\n                            <img decoding=\"async\" src=\"https:\/\/www.xn--kisnavn-p1a.fo\/wp-content\/themes\/lunnar-okisnavn\/images\/icon-arrow.svg\" class=\"injectable\" \/>                        <\/div>\n                    <\/div>\n\n                    <div class=\"shortcut-text\">\n                                            <\/div>\n                <\/a>\n                                            <a href=\"#\" class=\"shortcut-item\" target=\"_self\">\n                    <div class=\"shortcut-header\">\n                        <p>\u00c1rsfr\u00e1grei\u00f0ing 2020<\/p>\n\n                        <div class=\"shortcut-icon\">\n                            <img decoding=\"async\" src=\"https:\/\/www.xn--kisnavn-p1a.fo\/wp-content\/themes\/lunnar-okisnavn\/images\/icon-arrow.svg\" class=\"injectable\" \/>                        <\/div>\n                    <\/div>\n\n                    <div class=\"shortcut-text\">\n                                            <\/div>\n                <\/a>\n                                            <a href=\"#\" class=\"shortcut-item\" target=\"_self\">\n                    <div class=\"shortcut-header\">\n                        <p>\u00c1rsfr\u00e1grei\u00f0ing 2021<\/p>\n\n                        <div class=\"shortcut-icon\">\n                            <img decoding=\"async\" src=\"https:\/\/www.xn--kisnavn-p1a.fo\/wp-content\/themes\/lunnar-okisnavn\/images\/icon-arrow.svg\" class=\"injectable\" \/>                        <\/div>\n                    <\/div>\n\n                    <div class=\"shortcut-text\">\n                                            <\/div>\n                <\/a>\n                    <\/div>\n    <\/div>\n\n\n<div style=\"height:100px\" aria-hidden=\"true\" class=\"wp-block-spacer\"><\/div>\n\n\n\n<hr class=\"wp-block-separator alignwide has-alpha-channel-opacity is-style-wide\"\/>\n\n\n\n<div style=\"height:160px\" aria-hidden=\"true\" class=\"wp-block-spacer\"><\/div>\n\n\n\n<div style=\"height:160px\" aria-hidden=\"true\" class=\"wp-block-spacer\"><\/div>\n\n\n\n<div id=\"shortcuts_block_f8f10d34a6b4b9ca10044634bc7cf6d8\" class=\"lunnar-shortcuts alignwide\">\n    \n            <div class=\"shortcuts-grid per-row-3\">\n                                            <a href=\"https:\/\/www.xn--kisnavn-p1a.fo\/en\/about-us\/\" class=\"shortcut-item large\" target=\"_self\">\n                    <div class=\"shortcut-header\">\n                        <p>About us<\/p>\n\n                        <div class=\"shortcut-icon\">\n                            <img decoding=\"async\" src=\"https:\/\/www.xn--kisnavn-p1a.fo\/wp-content\/themes\/lunnar-okisnavn\/images\/icon-arrow.svg\" class=\"injectable\" \/>                        <\/div>\n                    <\/div>\n\n                    <div class=\"shortcut-text\">\n                        ICANN (Internet Corporation for Assigned Names and Numbers) has assigned the ccTLD .fo to the Faroe Islands. The government has chosen a council to be the ccTLD (Country Code Top Level Domain) Manager.                    <\/div>\n                <\/a>\n                                            <a href=\"https:\/\/www.xn--kisnavn-p1a.fo\/en\/customer-service\/\" class=\"shortcut-item large\" target=\"_self\">\n                    <div class=\"shortcut-header\">\n                        <p>Customer service<\/p>\n\n                        <div class=\"shortcut-icon\">\n                            <img decoding=\"async\" src=\"https:\/\/www.xn--kisnavn-p1a.fo\/wp-content\/themes\/lunnar-okisnavn\/images\/icon-arrow.svg\" class=\"injectable\" \/>                        <\/div>\n                    <\/div>\n\n                    <div class=\"shortcut-text\">\n                        \u00d8kisnavn.fo is committed to delivering exceptional service to our customers. If you need help or have questions about our products, you are welcome to contact us.                    <\/div>\n                <\/a>\n                                            <a href=\"https:\/\/www.xn--kisnavn-p1a.fo\/en\/guides\/\" class=\"shortcut-item large\" target=\"_self\">\n                    <div class=\"shortcut-header\">\n                        <p>Guides<\/p>\n\n                        <div class=\"shortcut-icon\">\n                            <img decoding=\"async\" src=\"https:\/\/www.xn--kisnavn-p1a.fo\/wp-content\/themes\/lunnar-okisnavn\/images\/icon-arrow.svg\" class=\"injectable\" \/>                        <\/div>\n                    <\/div>\n\n                    <div class=\"shortcut-text\">\n                        Unsure how to purchase or set up your domain name? We have compiled some guides to make it easier for you to manage your domain names.                    <\/div>\n                <\/a>\n                    <\/div>\n    <\/div>\n\n\n<div style=\"height:160px\" aria-hidden=\"true\" class=\"wp-block-spacer\"><\/div>\n\n\n\n<div style=\"height:200px\" aria-hidden=\"true\" class=\"wp-block-spacer\"><\/div>\n","protected":false},"excerpt":{"rendered":"<p>ICANN (Internet Corporation for Assigned Names and Numbers) has assigned the ccTLD .fo to the Faroe Islands. The government has appointed a council to be the ccTLD (Country Code Top Level Domain) Administrator. The .fo council is responsible for managing and using the ccTLD .fo. Members of the council Mimi Steint\u00f3rsd\u00f3ttir, chair &#8211; Lawyer, S\u00d3KNP\u00e1ll [&hellip;]<\/p>\n","protected":false},"author":1,"featured_media":0,"parent":0,"menu_order":0,"comment_status":"closed","ping_status":"closed","template":"","meta":{"_acf_changed":false,"footnotes":""},"class_list":["post-272","page","type-page","status-publish","hentry"],"acf":[],"yoast_head":"<!-- This site is optimized with the Yoast SEO plugin v27.5 - https:\/\/yoast.com\/product\/yoast-seo-wordpress\/ -->\n<title>About us - \u00d8kisnavn<\/title>\n<meta name=\"robots\" content=\"index, follow, max-snippet:-1, max-image-preview:large, max-video-preview:-1\" \/>\n<link rel=\"canonical\" href=\"https:\/\/www.xn--kisnavn-p1a.fo\/en\/about-us\/\" \/>\n<meta property=\"og:locale\" content=\"en_US\" \/>\n<meta property=\"og:type\" content=\"article\" \/>\n<meta property=\"og:title\" content=\"About us - \u00d8kisnavn\" \/>\n<meta property=\"og:description\" content=\"ICANN (Internet Corporation for Assigned Names and Numbers) has assigned the ccTLD .fo to the Faroe Islands. The government has appointed a council to be the ccTLD (Country Code Top Level Domain) Administrator. The .fo council is responsible for managing and using the ccTLD .fo. Members of the council Mimi Steint\u00f3rsd\u00f3ttir, chair &#8211; Lawyer, S\u00d3KNP\u00e1ll [&hellip;]\" \/>\n<meta property=\"og:url\" content=\"https:\/\/www.xn--kisnavn-p1a.fo\/en\/about-us\/\" \/>\n<meta property=\"og:site_name\" content=\"\u00d8kisnavn\" \/>\n<meta property=\"article:modified_time\" content=\"2024-07-05T08:43:04+00:00\" \/>\n<meta name=\"twitter:card\" content=\"summary_large_image\" \/>\n<meta name=\"twitter:label1\" content=\"Est. reading time\" \/>\n\t<meta name=\"twitter:data1\" content=\"1 minute\" \/>\n<script type=\"application\/ld+json\" class=\"yoast-schema-graph\">{\"@context\":\"https:\\\/\\\/schema.org\",\"@graph\":[{\"@type\":\"WebPage\",\"@id\":\"https:\\\/\\\/www.xn--kisnavn-p1a.fo\\\/en\\\/about-us\\\/\",\"url\":\"https:\\\/\\\/www.xn--kisnavn-p1a.fo\\\/en\\\/about-us\\\/\",\"name\":\"About us - \u00d8kisnavn\",\"isPartOf\":{\"@id\":\"https:\\\/\\\/www.xn--kisnavn-p1a.fo\\\/en\\\/#website\"},\"datePublished\":\"2024-02-23T09:12:50+00:00\",\"dateModified\":\"2024-07-05T08:43:04+00:00\",\"breadcrumb\":{\"@id\":\"https:\\\/\\\/www.xn--kisnavn-p1a.fo\\\/en\\\/about-us\\\/#breadcrumb\"},\"inLanguage\":\"en-US\",\"potentialAction\":[{\"@type\":\"ReadAction\",\"target\":[\"https:\\\/\\\/www.xn--kisnavn-p1a.fo\\\/en\\\/about-us\\\/\"]}]},{\"@type\":\"BreadcrumbList\",\"@id\":\"https:\\\/\\\/www.xn--kisnavn-p1a.fo\\\/en\\\/about-us\\\/#breadcrumb\",\"itemListElement\":[{\"@type\":\"ListItem\",\"position\":1,\"name\":\"Home\",\"item\":\"https:\\\/\\\/www.xn--kisnavn-p1a.fo\\\/en\\\/\"},{\"@type\":\"ListItem\",\"position\":2,\"name\":\"About us\"}]},{\"@type\":\"WebSite\",\"@id\":\"https:\\\/\\\/www.xn--kisnavn-p1a.fo\\\/en\\\/#website\",\"url\":\"https:\\\/\\\/www.xn--kisnavn-p1a.fo\\\/en\\\/\",\"name\":\"\u00d8kisnavn\",\"description\":\"\",\"potentialAction\":[{\"@type\":\"SearchAction\",\"target\":{\"@type\":\"EntryPoint\",\"urlTemplate\":\"https:\\\/\\\/www.xn--kisnavn-p1a.fo\\\/en\\\/?s={search_term_string}\"},\"query-input\":{\"@type\":\"PropertyValueSpecification\",\"valueRequired\":true,\"valueName\":\"search_term_string\"}}],\"inLanguage\":\"en-US\"}]}<\/script>\n<!-- \/ Yoast SEO plugin. -->","yoast_head_json":{"title":"About us - \u00d8kisnavn","robots":{"index":"index","follow":"follow","max-snippet":"max-snippet:-1","max-image-preview":"max-image-preview:large","max-video-preview":"max-video-preview:-1"},"canonical":"https:\/\/www.xn--kisnavn-p1a.fo\/en\/about-us\/","og_locale":"en_US","og_type":"article","og_title":"About us - \u00d8kisnavn","og_description":"ICANN (Internet Corporation for Assigned Names and Numbers) has assigned the ccTLD .fo to the Faroe Islands. The government has appointed a council to be the ccTLD (Country Code Top Level Domain) Administrator. The .fo council is responsible for managing and using the ccTLD .fo. Members of the council Mimi Steint\u00f3rsd\u00f3ttir, chair &#8211; Lawyer, S\u00d3KNP\u00e1ll [&hellip;]","og_url":"https:\/\/www.xn--kisnavn-p1a.fo\/en\/about-us\/","og_site_name":"\u00d8kisnavn","article_modified_time":"2024-07-05T08:43:04+00:00","twitter_card":"summary_large_image","twitter_misc":{"Est. reading time":"1 minute"},"schema":{"@context":"https:\/\/schema.org","@graph":[{"@type":"WebPage","@id":"https:\/\/www.xn--kisnavn-p1a.fo\/en\/about-us\/","url":"https:\/\/www.xn--kisnavn-p1a.fo\/en\/about-us\/","name":"About us - \u00d8kisnavn","isPartOf":{"@id":"https:\/\/www.xn--kisnavn-p1a.fo\/en\/#website"},"datePublished":"2024-02-23T09:12:50+00:00","dateModified":"2024-07-05T08:43:04+00:00","breadcrumb":{"@id":"https:\/\/www.xn--kisnavn-p1a.fo\/en\/about-us\/#breadcrumb"},"inLanguage":"en-US","potentialAction":[{"@type":"ReadAction","target":["https:\/\/www.xn--kisnavn-p1a.fo\/en\/about-us\/"]}]},{"@type":"BreadcrumbList","@id":"https:\/\/www.xn--kisnavn-p1a.fo\/en\/about-us\/#breadcrumb","itemListElement":[{"@type":"ListItem","position":1,"name":"Home","item":"https:\/\/www.xn--kisnavn-p1a.fo\/en\/"},{"@type":"ListItem","position":2,"name":"About us"}]},{"@type":"WebSite","@id":"https:\/\/www.xn--kisnavn-p1a.fo\/en\/#website","url":"https:\/\/www.xn--kisnavn-p1a.fo\/en\/","name":"\u00d8kisnavn","description":"","potentialAction":[{"@type":"SearchAction","target":{"@type":"EntryPoint","urlTemplate":"https:\/\/www.xn--kisnavn-p1a.fo\/en\/?s={search_term_string}"},"query-input":{"@type":"PropertyValueSpecification","valueRequired":true,"valueName":"search_term_string"}}],"inLanguage":"en-US"}]}},"_links":{"self":[{"href":"https:\/\/www.xn--kisnavn-p1a.fo\/en\/wp-json\/wp\/v2\/pages\/272","targetHints":{"allow":["GET"]}}],"collection":[{"href":"https:\/\/www.xn--kisnavn-p1a.fo\/en\/wp-json\/wp\/v2\/pages"}],"about":[{"href":"https:\/\/www.xn--kisnavn-p1a.fo\/en\/wp-json\/wp\/v2\/types\/page"}],"author":[{"embeddable":true,"href":"https:\/\/www.xn--kisnavn-p1a.fo\/en\/wp-json\/wp\/v2\/users\/1"}],"replies":[{"embeddable":true,"href":"https:\/\/www.xn--kisnavn-p1a.fo\/en\/wp-json\/wp\/v2\/comments?post=272"}],"version-history":[{"count":4,"href":"https:\/\/www.xn--kisnavn-p1a.fo\/en\/wp-json\/wp\/v2\/pages\/272\/revisions"}],"predecessor-version":[{"id":771,"href":"https:\/\/www.xn--kisnavn-p1a.fo\/en\/wp-json\/wp\/v2\/pages\/272\/revisions\/771"}],"wp:attachment":[{"href":"https:\/\/www.xn--kisnavn-p1a.fo\/en\/wp-json\/wp\/v2\/media?parent=272"}],"curies":[{"name":"wp","href":"https:\/\/api.w.org\/{rel}","templated":true}]}}