{"id":262,"date":"2024-02-21T10:15:24","date_gmt":"2024-02-21T10:15:24","guid":{"rendered":"https:\/\/www.xn--kisnavn-p1a.fo\/?page_id=262"},"modified":"2024-07-05T08:50:58","modified_gmt":"2024-07-05T08:50:58","slug":"front-page","status":"publish","type":"page","link":"https:\/\/www.xn--kisnavn-p1a.fo\/en\/","title":{"rendered":"Front page"},"content":{"rendered":"\n<div id=\"video-background_block_dbfb6016e0f4e1b6f75169b133919458\" class=\"lunnar-video-background alignwide\">\n    \n            <div class=\"video-placeholder\" data-video-src=\"https:\/\/player.vimeo.com\/progressive_redirect\/playback\/972861674\/rendition\/1080p\/file.mp4?loc=external&#038;log_user=0&#038;signature=b57493820e2fc30e65898a490ed5b8937f620b797e2e3acb264e04c5fb78a8e6\" style=\"\">\n            <!-- You can add a thumbnail or any placeholder content here -->\n        <\/div>\n\n                    <img loading=\"lazy\" decoding=\"async\" class=\"video-background--fallback\" src=\"https:\/\/www.xn--kisnavn-p1a.fo\/wp-content\/uploads\/2024\/02\/robert-bahn-T4kiXctC6uU-unsplash-1-1.jpg\" alt=\"\" width=\"1312\" height=\"600\" \/>\n        \n        <div class=\"lunnar-video-background--content\" style=\"\">\n            <div class=\"acf-innerblocks-container\">\n\n<div class=\"wp-block-cover is-light has-custom-content-position is-position-bottom-center\" style=\"min-height:600px;aspect-ratio:unset;\"><span aria-hidden=\"true\" class=\"wp-block-cover__background has-black-background-color has-background-dim-20 has-background-dim\"><\/span><div class=\"wp-block-cover__inner-container is-layout-flow wp-block-cover-is-layout-flow\">\n<h1 class=\"wp-block-heading has-white-color has-text-color has-link-color wp-elements-b3552a3b9eccbf554f85eb53c8cdc829\">Find your<br>domain name<\/h1>\n\n\n\n<div style=\"height:16px\" aria-hidden=\"true\" class=\"wp-block-spacer\"><\/div>\n\n\n\n<div id=\"search_block_c98466617069bf0f270cccf96a7dab02\" class=\"lunnar-search\">\n    <div class=\"search-text\">\n        <form id=\"search-form\" class=\"search-container\">\n            <input type=\"text\" name=\"search\" class=\"search-input\" placeholder=\"Search for domain name\">\n\n            <div class=\"wp-block-button\">\n                <button type=\"submit\" class=\"wp-block-button__link\">\n                    <span class=\"mobile-text\">\n                        Search                    <\/span>\n\n                    <span class=\"desktop-text\">\n                        Search for domain name                    <\/span>\n                <\/button>\n            <\/div>\n        <\/form>\n    <\/div>\n<\/div>\n\n\n<div style=\"height:100px\" aria-hidden=\"true\" class=\"wp-block-spacer\"><\/div>\n<\/div><\/div>\n\n<\/div>\n        <\/div>\n    \n<\/div>\n\n\n<div style=\"height:32px\" aria-hidden=\"true\" class=\"wp-block-spacer\"><\/div>\n\n\n\n<div id=\"shortcuts_block_4fca7decde5ba18937b3c3363583834a\" class=\"lunnar-shortcuts alignwide\">\n    \n            <div class=\"shortcuts-grid per-row-3\">\n                                            <a href=\"https:\/\/www.xn--kisnavn-p1a.fo\/en\/security\/\" class=\"shortcut-item large\" target=\"_self\">\n                    <div class=\"shortcut-header\">\n                        <p>ISO 27001 certified<\/p>\n\n                        <div class=\"shortcut-icon\">\n                            <img decoding=\"async\" src=\"https:\/\/www.xn--kisnavn-p1a.fo\/wp-content\/themes\/lunnar-okisnavn\/images\/icon-arrow.svg\" class=\"injectable\" \/>                        <\/div>\n                    <\/div>\n\n                    <div class=\"shortcut-text\">\n                        ISO 27001 is one of the most recognized international standards in IT security management and governance.                     <\/div>\n                <\/a>\n                                            <a href=\"https:\/\/www.xn--kisnavn-p1a.fo\/en\/security\/#dnssec\" class=\"shortcut-item large\" target=\"_self\">\n                    <div class=\"shortcut-header\">\n                        <p>DNSSEC<\/p>\n\n                        <div class=\"shortcut-icon\">\n                            <img decoding=\"async\" src=\"https:\/\/www.xn--kisnavn-p1a.fo\/wp-content\/themes\/lunnar-okisnavn\/images\/icon-arrow.svg\" class=\"injectable\" \/>                        <\/div>\n                    <\/div>\n\n                    <div class=\"shortcut-text\">\n                        Domain Name System Security Extension is a security feature that enhances the security of your DNS.                    <\/div>\n                <\/a>\n                                            <a href=\"https:\/\/www.xn--kisnavn-p1a.fo\/en\/search\/\" class=\"shortcut-item large dark\" target=\"_self\">\n                    <div class=\"shortcut-header\">\n                        <p>Faroese letters<\/p>\n\n                        <div class=\"shortcut-icon\">\n                            <img decoding=\"async\" src=\"https:\/\/www.xn--kisnavn-p1a.fo\/wp-content\/themes\/lunnar-okisnavn\/images\/icon-arrow.svg\" class=\"injectable\" \/>                        <\/div>\n                    <\/div>\n\n                    <div class=\"shortcut-text\">\n                        You can use Faroese letters in your domain name. Try searching for a domain name with the letters \u00f0, \u00f3, \u00fd, \u00e1, \u00ed, \u00f8, \u00e6 to make it Faroese.                    <\/div>\n                <\/a>\n                    <\/div>\n    <\/div>\n\n\n<div style=\"height:120px\" aria-hidden=\"true\" class=\"wp-block-spacer\"><\/div>\n\n\n\n<figure class=\"wp-block-image alignwide size-full\"><img loading=\"lazy\" decoding=\"async\" width=\"1312\" height=\"440\" src=\"http:\/\/www.xn--kisnavn-p1a.fo\/wp-content\/uploads\/2024\/02\/Filler-img.jpg\" alt=\"\" class=\"wp-image-54\" srcset=\"https:\/\/www.xn--kisnavn-p1a.fo\/wp-content\/uploads\/2024\/02\/Filler-img.jpg 1312w, https:\/\/www.xn--kisnavn-p1a.fo\/wp-content\/uploads\/2024\/02\/Filler-img-800x268.jpg 800w, https:\/\/www.xn--kisnavn-p1a.fo\/wp-content\/uploads\/2024\/02\/Filler-img-768x258.jpg 768w\" sizes=\"auto, (max-width: 1312px) 100vw, 1312px\" \/><\/figure>\n\n\n\n<div style=\"height:40px\" aria-hidden=\"true\" class=\"wp-block-spacer\"><\/div>\n\n\n\n<div id=\"stats_block_c6e623a8eb72078404489d25782ff2ac\" class=\"lunnar-stats alignwide\">\n\n    \n\n    <div class=\"data-container\">\n        \n            <\/div>\n<\/div>\n\n\n<div style=\"height:200px\" aria-hidden=\"true\" class=\"wp-block-spacer\"><\/div>\n\n\n\n<div class=\"wp-block-columns alignwide is-layout-flex wp-container-core-columns-is-layout-9d6595d7 wp-block-columns-is-layout-flex\">\n<div class=\"wp-block-column is-layout-flow wp-block-column-is-layout-flow\">\n<p>Faroese domains<\/p>\n\n\n\n<div style=\"height:24px\" aria-hidden=\"true\" class=\"wp-block-spacer\"><\/div>\n\n\n\n<h2 class=\"wp-block-heading\">The administration of Faroese domain names<\/h2>\n<\/div>\n\n\n\n<div class=\"wp-block-column is-vertically-aligned-bottom is-layout-flow wp-block-column-is-layout-flow\">\n<div class=\"wp-block-buttons is-content-justification-right is-layout-flex wp-container-core-buttons-is-layout-e6df00e8 wp-block-buttons-is-layout-flex\">\n<div class=\"wp-block-button\"><a class=\"wp-block-button__link wp-element-button\" href=\"https:\/\/www.xn--kisnavn-p1a.fo\/en\/about-us\/\">Read about us<\/a><\/div>\n<\/div>\n<\/div>\n<\/div>\n\n\n\n<div style=\"height:200px\" aria-hidden=\"true\" class=\"wp-block-spacer\"><\/div>\n\n\n\n<div class=\"wp-block-group alignfull has-beige-background-color has-background is-layout-constrained wp-block-group-is-layout-constrained\">\n<div style=\"height:200px\" aria-hidden=\"true\" class=\"wp-block-spacer\"><\/div>\n\n\n\n<h2 class=\"wp-block-heading alignwide\">Guides<\/h2>\n\n\n\n<div class=\"wp-block-columns alignwide is-layout-flex wp-container-core-columns-is-layout-9d6595d7 wp-block-columns-is-layout-flex\">\n<div class=\"wp-block-column is-layout-flow wp-block-column-is-layout-flow\">\n<p>\u00d8kisnavn.fo is committed to delivering exceptional service to our customers. If you need help or have questions about our product, you are welcome to contact us at\u00a0<a>support@okisnavn.fo<\/a>, and we will get back to you right away.<\/p>\n\n\n\n<div style=\"height:60px\" aria-hidden=\"true\" class=\"wp-block-spacer\"><\/div>\n\n\n\n<div class=\"wp-block-buttons is-layout-flex wp-block-buttons-is-layout-flex\">\n<div class=\"wp-block-button\"><a class=\"wp-block-button__link wp-element-button\" href=\"https:\/\/www.xn--kisnavn-p1a.fo\/en\/guides\/\">View our guides<\/a><\/div>\n<\/div>\n<\/div>\n<\/div>\n\n\n\n<div style=\"height:200px\" aria-hidden=\"true\" class=\"wp-block-spacer\"><\/div>\n<\/div>\n\n\n\n<div style=\"height:200px\" aria-hidden=\"true\" class=\"wp-block-spacer\"><\/div>\n\n\n\n<div class=\"wp-block-columns alignwide is-layout-flex wp-container-core-columns-is-layout-9d6595d7 wp-block-columns-is-layout-flex\">\n<div class=\"wp-block-column is-layout-flow wp-block-column-is-layout-flow\">\n<h2 class=\"wp-block-heading\">News<\/h2>\n<\/div>\n\n\n\n<div class=\"wp-block-column is-vertically-aligned-center is-layout-flow wp-block-column-is-layout-flow\">\n<div class=\"wp-block-buttons is-content-justification-right is-layout-flex wp-container-core-buttons-is-layout-765c4724 wp-block-buttons-is-layout-flex\">\n<div class=\"wp-block-button\"><a class=\"wp-block-button__link wp-element-button\">View older news<\/a><\/div>\n<\/div>\n<\/div>\n<\/div>\n\n\n\n<div style=\"height:44px\" aria-hidden=\"true\" class=\"wp-block-spacer\"><\/div>\n\n\n\n<div id=\"news_block_3b13db50e861b78db87510f85a9b3360\" class=\"lunnar-news alignwide\">\n\n    \n            <div class=\"news-grid\">\n                            \n<a href=\"https:\/\/www.xn--kisnavn-p1a.fo\/en\/the-new-okisnavn-fo-is-here\/\" class=\"news-card\">\n    <div class=\"news-card--image\">\n                    <img loading=\"lazy\" decoding=\"async\" src=\"https:\/\/www.xn--kisnavn-p1a.fo\/wp-content\/uploads\/2024\/07\/Okisnavn_tidindasida-1-800x450.png\" width=\"800\" height=\"450\" alt=\"\" style=\"object-position: 50% 50%\" \/>\n            <\/div>\n\n    <div class=\"news-card--content\">\n        <div class=\"news-card--text\">\n            <div class=\"post-date\">\n                08.07.2024            <\/div>\n\n            <h4>\n                The new \u00d8kisnavn.fo is&nbsp;here            <\/h4>\n        <\/div>\n\n        <div class=\"news-card--action\">\n            <p>Read more<\/p>\n\n            <img decoding=\"async\" src=\"https:\/\/www.xn--kisnavn-p1a.fo\/wp-content\/themes\/lunnar-okisnavn\/images\/icon-arrow.svg\" class=\"injectable\" \/>        <\/div>\n    <\/div>\n<\/a>                            \n<a href=\"https:\/\/www.xn--kisnavn-p1a.fo\/en\/okisnavn-fo-is-iso-27001-certified\/\" class=\"news-card\">\n    <div class=\"news-card--image\">\n                    <img loading=\"lazy\" decoding=\"async\" src=\"https:\/\/www.xn--kisnavn-p1a.fo\/wp-content\/uploads\/2024\/07\/951420146-Myndir-til-tidindi_02_K1-800x450.jpg\" width=\"800\" height=\"450\" alt=\"\" style=\"object-position: 50% 50%\" \/>\n            <\/div>\n\n    <div class=\"news-card--content\">\n        <div class=\"news-card--text\">\n            <div class=\"post-date\">\n                03.05.2024            <\/div>\n\n            <h4>\n                \u00d8kisnavn.fo is ISO 27001&nbsp;certified            <\/h4>\n        <\/div>\n\n        <div class=\"news-card--action\">\n            <p>Read more<\/p>\n\n            <img decoding=\"async\" src=\"https:\/\/www.xn--kisnavn-p1a.fo\/wp-content\/themes\/lunnar-okisnavn\/images\/icon-arrow.svg\" class=\"injectable\" \/>        <\/div>\n    <\/div>\n<\/a>                            \n<a href=\"https:\/\/www.xn--kisnavn-p1a.fo\/en\/okisnavn-is-on-idn-world-report\/\" class=\"news-card\">\n    <div class=\"news-card--image\">\n                    <img loading=\"lazy\" decoding=\"async\" src=\"https:\/\/www.xn--kisnavn-p1a.fo\/wp-content\/uploads\/2024\/07\/951420146-Myndir-til-tidindi_01_K1-800x450.jpg\" width=\"800\" height=\"450\" alt=\"\" style=\"object-position: 50% 50%\" \/>\n            <\/div>\n\n    <div class=\"news-card--content\">\n        <div class=\"news-card--text\">\n            <div class=\"post-date\">\n                01.05.2024            <\/div>\n\n            <h4>\n                \u00d8kisnavn is on IDN World&nbsp;Report            <\/h4>\n        <\/div>\n\n        <div class=\"news-card--action\">\n            <p>Read more<\/p>\n\n            <img decoding=\"async\" src=\"https:\/\/www.xn--kisnavn-p1a.fo\/wp-content\/themes\/lunnar-okisnavn\/images\/icon-arrow.svg\" class=\"injectable\" \/>        <\/div>\n    <\/div>\n<\/a>                    <\/div>\n    <\/div>\n\n\n<div style=\"height:160px\" aria-hidden=\"true\" class=\"wp-block-spacer\"><\/div>\n\n\n\n<div id=\"shortcuts_block_3e98bfdad598d2060bd6092cb0ad4853\" class=\"lunnar-shortcuts alignwide\">\n    \n            <div class=\"shortcuts-grid per-row-3\">\n                                            <a href=\"https:\/\/www.xn--kisnavn-p1a.fo\/en\/about-us\/\" class=\"shortcut-item large\" target=\"_self\">\n                    <div class=\"shortcut-header\">\n                        <p>About us<\/p>\n\n                        <div class=\"shortcut-icon\">\n                            <img decoding=\"async\" src=\"https:\/\/www.xn--kisnavn-p1a.fo\/wp-content\/themes\/lunnar-okisnavn\/images\/icon-arrow.svg\" class=\"injectable\" \/>                        <\/div>\n                    <\/div>\n\n                    <div class=\"shortcut-text\">\n                        ICANN (Internet Corporation for Assigned Names and Numbers) has assigned the ccTLD .fo to the Faroe Islands. The government has chosen a council to be the ccTLD (Country Code Top Level Domain) Manager.                    <\/div>\n                <\/a>\n                                            <a href=\"https:\/\/www.xn--kisnavn-p1a.fo\/en\/customer-service\/\" class=\"shortcut-item large\" target=\"_self\">\n                    <div class=\"shortcut-header\">\n                        <p>Customer service<\/p>\n\n                        <div class=\"shortcut-icon\">\n                            <img decoding=\"async\" src=\"https:\/\/www.xn--kisnavn-p1a.fo\/wp-content\/themes\/lunnar-okisnavn\/images\/icon-arrow.svg\" class=\"injectable\" \/>                        <\/div>\n                    <\/div>\n\n                    <div class=\"shortcut-text\">\n                        \u00d8kisnavn.fo is committed to delivering exceptional service to our customers. If you need help or have questions about our products, you are welcome to contact us.                    <\/div>\n                <\/a>\n                                            <a href=\"https:\/\/www.xn--kisnavn-p1a.fo\/en\/guides\/\" class=\"shortcut-item large\" target=\"_self\">\n                    <div class=\"shortcut-header\">\n                        <p>Guides<\/p>\n\n                        <div class=\"shortcut-icon\">\n                            <img decoding=\"async\" src=\"https:\/\/www.xn--kisnavn-p1a.fo\/wp-content\/themes\/lunnar-okisnavn\/images\/icon-arrow.svg\" class=\"injectable\" \/>                        <\/div>\n                    <\/div>\n\n                    <div class=\"shortcut-text\">\n                        Unsure how to purchase or set up your domain name? We have compiled some guides to make it easier for you to manage your domain names.                    <\/div>\n                <\/a>\n                    <\/div>\n    <\/div>\n\n\n<div style=\"height:160px\" aria-hidden=\"true\" class=\"wp-block-spacer\"><\/div>\n","protected":false},"excerpt":{"rendered":"<p>Faroese domains The administration of Faroese domain names Guides \u00d8kisnavn.fo is committed to delivering exceptional service to our customers. If you need help or have questions about our product, you are welcome to contact us at\u00a0support@okisnavn.fo, and we will get back to you right away. News<\/p>\n","protected":false},"author":4,"featured_media":500,"parent":0,"menu_order":0,"comment_status":"closed","ping_status":"closed","template":"","meta":{"_acf_changed":false,"footnotes":""},"class_list":["post-262","page","type-page","status-publish","has-post-thumbnail","hentry"],"acf":[],"yoast_head":"<!-- This site is optimized with the Yoast SEO plugin v27.5 - https:\/\/yoast.com\/product\/yoast-seo-wordpress\/ -->\n<title>Front page - \u00d8kisnavn<\/title>\n<meta name=\"robots\" content=\"index, follow, max-snippet:-1, max-image-preview:large, max-video-preview:-1\" \/>\n<link rel=\"canonical\" href=\"https:\/\/www.xn--kisnavn-p1a.fo\/en\/\" \/>\n<meta property=\"og:locale\" content=\"en_US\" \/>\n<meta property=\"og:type\" content=\"article\" \/>\n<meta property=\"og:title\" content=\"Front page - \u00d8kisnavn\" \/>\n<meta property=\"og:description\" content=\"Faroese domains The administration of Faroese domain names Guides \u00d8kisnavn.fo is committed to delivering exceptional service to our customers. If you need help or have questions about our product, you are welcome to contact us at\u00a0support@okisnavn.fo, and we will get back to you right away. News\" \/>\n<meta property=\"og:url\" content=\"https:\/\/www.xn--kisnavn-p1a.fo\/en\/\" \/>\n<meta property=\"og:site_name\" content=\"\u00d8kisnavn\" \/>\n<meta property=\"article:modified_time\" content=\"2024-07-05T08:50:58+00:00\" \/>\n<meta property=\"og:image\" content=\"http:\/\/www.xn--kisnavn-p1a.fo\/wp-content\/uploads\/2024\/02\/Filler-img.jpg\" \/>\n<meta name=\"twitter:card\" content=\"summary_large_image\" \/>\n<meta name=\"twitter:label1\" content=\"Est. reading time\" \/>\n\t<meta name=\"twitter:data1\" content=\"1 minute\" \/>\n<script type=\"application\/ld+json\" class=\"yoast-schema-graph\">{\"@context\":\"https:\\\/\\\/schema.org\",\"@graph\":[{\"@type\":\"WebPage\",\"@id\":\"https:\\\/\\\/www.xn--kisnavn-p1a.fo\\\/en\\\/\",\"url\":\"https:\\\/\\\/www.xn--kisnavn-p1a.fo\\\/en\\\/\",\"name\":\"Front page - \u00d8kisnavn\",\"isPartOf\":{\"@id\":\"https:\\\/\\\/www.xn--kisnavn-p1a.fo\\\/en\\\/#website\"},\"primaryImageOfPage\":{\"@id\":\"https:\\\/\\\/www.xn--kisnavn-p1a.fo\\\/en\\\/#primaryimage\"},\"image\":{\"@id\":\"https:\\\/\\\/www.xn--kisnavn-p1a.fo\\\/en\\\/#primaryimage\"},\"thumbnailUrl\":\"https:\\\/\\\/www.xn--kisnavn-p1a.fo\\\/wp-content\\\/uploads\\\/2024\\\/07\\\/951420146-Myndir-til-tidindi_10.jpg\",\"datePublished\":\"2024-02-21T10:15:24+00:00\",\"dateModified\":\"2024-07-05T08:50:58+00:00\",\"breadcrumb\":{\"@id\":\"https:\\\/\\\/www.xn--kisnavn-p1a.fo\\\/en\\\/#breadcrumb\"},\"inLanguage\":\"en-US\",\"potentialAction\":[{\"@type\":\"ReadAction\",\"target\":[\"https:\\\/\\\/www.xn--kisnavn-p1a.fo\\\/en\\\/\"]}]},{\"@type\":\"ImageObject\",\"inLanguage\":\"en-US\",\"@id\":\"https:\\\/\\\/www.xn--kisnavn-p1a.fo\\\/en\\\/#primaryimage\",\"url\":\"https:\\\/\\\/www.xn--kisnavn-p1a.fo\\\/wp-content\\\/uploads\\\/2024\\\/07\\\/951420146-Myndir-til-tidindi_10.jpg\",\"contentUrl\":\"https:\\\/\\\/www.xn--kisnavn-p1a.fo\\\/wp-content\\\/uploads\\\/2024\\\/07\\\/951420146-Myndir-til-tidindi_10.jpg\",\"width\":1400,\"height\":788},{\"@type\":\"BreadcrumbList\",\"@id\":\"https:\\\/\\\/www.xn--kisnavn-p1a.fo\\\/en\\\/#breadcrumb\",\"itemListElement\":[{\"@type\":\"ListItem\",\"position\":1,\"name\":\"Home\",\"item\":\"https:\\\/\\\/www.xn--kisnavn-p1a.fo\\\/en\\\/\"},{\"@type\":\"ListItem\",\"position\":2,\"name\":\"Front page\"}]},{\"@type\":\"WebSite\",\"@id\":\"https:\\\/\\\/www.xn--kisnavn-p1a.fo\\\/en\\\/#website\",\"url\":\"https:\\\/\\\/www.xn--kisnavn-p1a.fo\\\/en\\\/\",\"name\":\"\u00d8kisnavn\",\"description\":\"\",\"potentialAction\":[{\"@type\":\"SearchAction\",\"target\":{\"@type\":\"EntryPoint\",\"urlTemplate\":\"https:\\\/\\\/www.xn--kisnavn-p1a.fo\\\/en\\\/?s={search_term_string}\"},\"query-input\":{\"@type\":\"PropertyValueSpecification\",\"valueRequired\":true,\"valueName\":\"search_term_string\"}}],\"inLanguage\":\"en-US\"}]}<\/script>\n<!-- \/ Yoast SEO plugin. -->","yoast_head_json":{"title":"Front page - \u00d8kisnavn","robots":{"index":"index","follow":"follow","max-snippet":"max-snippet:-1","max-image-preview":"max-image-preview:large","max-video-preview":"max-video-preview:-1"},"canonical":"https:\/\/www.xn--kisnavn-p1a.fo\/en\/","og_locale":"en_US","og_type":"article","og_title":"Front page - \u00d8kisnavn","og_description":"Faroese domains The administration of Faroese domain names Guides \u00d8kisnavn.fo is committed to delivering exceptional service to our customers. If you need help or have questions about our product, you are welcome to contact us at\u00a0support@okisnavn.fo, and we will get back to you right away. News","og_url":"https:\/\/www.xn--kisnavn-p1a.fo\/en\/","og_site_name":"\u00d8kisnavn","article_modified_time":"2024-07-05T08:50:58+00:00","og_image":[{"url":"http:\/\/www.xn--kisnavn-p1a.fo\/wp-content\/uploads\/2024\/02\/Filler-img.jpg","type":"","width":"","height":""}],"twitter_card":"summary_large_image","twitter_misc":{"Est. reading time":"1 minute"},"schema":{"@context":"https:\/\/schema.org","@graph":[{"@type":"WebPage","@id":"https:\/\/www.xn--kisnavn-p1a.fo\/en\/","url":"https:\/\/www.xn--kisnavn-p1a.fo\/en\/","name":"Front page - \u00d8kisnavn","isPartOf":{"@id":"https:\/\/www.xn--kisnavn-p1a.fo\/en\/#website"},"primaryImageOfPage":{"@id":"https:\/\/www.xn--kisnavn-p1a.fo\/en\/#primaryimage"},"image":{"@id":"https:\/\/www.xn--kisnavn-p1a.fo\/en\/#primaryimage"},"thumbnailUrl":"https:\/\/www.xn--kisnavn-p1a.fo\/wp-content\/uploads\/2024\/07\/951420146-Myndir-til-tidindi_10.jpg","datePublished":"2024-02-21T10:15:24+00:00","dateModified":"2024-07-05T08:50:58+00:00","breadcrumb":{"@id":"https:\/\/www.xn--kisnavn-p1a.fo\/en\/#breadcrumb"},"inLanguage":"en-US","potentialAction":[{"@type":"ReadAction","target":["https:\/\/www.xn--kisnavn-p1a.fo\/en\/"]}]},{"@type":"ImageObject","inLanguage":"en-US","@id":"https:\/\/www.xn--kisnavn-p1a.fo\/en\/#primaryimage","url":"https:\/\/www.xn--kisnavn-p1a.fo\/wp-content\/uploads\/2024\/07\/951420146-Myndir-til-tidindi_10.jpg","contentUrl":"https:\/\/www.xn--kisnavn-p1a.fo\/wp-content\/uploads\/2024\/07\/951420146-Myndir-til-tidindi_10.jpg","width":1400,"height":788},{"@type":"BreadcrumbList","@id":"https:\/\/www.xn--kisnavn-p1a.fo\/en\/#breadcrumb","itemListElement":[{"@type":"ListItem","position":1,"name":"Home","item":"https:\/\/www.xn--kisnavn-p1a.fo\/en\/"},{"@type":"ListItem","position":2,"name":"Front page"}]},{"@type":"WebSite","@id":"https:\/\/www.xn--kisnavn-p1a.fo\/en\/#website","url":"https:\/\/www.xn--kisnavn-p1a.fo\/en\/","name":"\u00d8kisnavn","description":"","potentialAction":[{"@type":"SearchAction","target":{"@type":"EntryPoint","urlTemplate":"https:\/\/www.xn--kisnavn-p1a.fo\/en\/?s={search_term_string}"},"query-input":{"@type":"PropertyValueSpecification","valueRequired":true,"valueName":"search_term_string"}}],"inLanguage":"en-US"}]}},"_links":{"self":[{"href":"https:\/\/www.xn--kisnavn-p1a.fo\/en\/wp-json\/wp\/v2\/pages\/262","targetHints":{"allow":["GET"]}}],"collection":[{"href":"https:\/\/www.xn--kisnavn-p1a.fo\/en\/wp-json\/wp\/v2\/pages"}],"about":[{"href":"https:\/\/www.xn--kisnavn-p1a.fo\/en\/wp-json\/wp\/v2\/types\/page"}],"author":[{"embeddable":true,"href":"https:\/\/www.xn--kisnavn-p1a.fo\/en\/wp-json\/wp\/v2\/users\/4"}],"replies":[{"embeddable":true,"href":"https:\/\/www.xn--kisnavn-p1a.fo\/en\/wp-json\/wp\/v2\/comments?post=262"}],"version-history":[{"count":9,"href":"https:\/\/www.xn--kisnavn-p1a.fo\/en\/wp-json\/wp\/v2\/pages\/262\/revisions"}],"predecessor-version":[{"id":775,"href":"https:\/\/www.xn--kisnavn-p1a.fo\/en\/wp-json\/wp\/v2\/pages\/262\/revisions\/775"}],"wp:featuredmedia":[{"embeddable":true,"href":"https:\/\/www.xn--kisnavn-p1a.fo\/en\/wp-json\/wp\/v2\/media\/500"}],"wp:attachment":[{"href":"https:\/\/www.xn--kisnavn-p1a.fo\/en\/wp-json\/wp\/v2\/media?parent=262"}],"curies":[{"name":"wp","href":"https:\/\/api.w.org\/{rel}","templated":true}]}}